{"id":2,"date":"2016-05-10T03:48:21","date_gmt":"2016-05-10T03:48:21","guid":{"rendered":"http:\/\/gite35.fr\/?page_id=2"},"modified":"2017-03-17T16:38:19","modified_gmt":"2017-03-17T16:38:19","slug":"sample-page","status":"publish","type":"page","link":"https:\/\/gite35.fr\/","title":{"rendered":"Acceuil"},"content":{"rendered":"<p>Aux portes de la Bretagne<\/p>\n<p>Campagne de Blandefalle, les environs bucoliques de votre g\u00eete<br \/>\nUn cadre bucolique<\/p>\n<p>Aux porte de la Bretagne, blotti au c\u0153ur de la campagne de Blandefalle, sur la commune de Combourg[1][2], dans le d\u00e9partement de l&rsquo;Ille-et-Vilaine[3][4], \u00e0 proximit\u00e9 du Mont-Saint-Michel[5] et de la Cit\u00e9 Corsaire de Saint-Malo[6].<\/p>\n<p>D\u00e9tendez vous dans une nature somptueuse, gr\u00e2ce \u00e0 votre g\u00eete \u00e9quip\u00e9 de toutes les commodit\u00e9s modernes :<\/p>\n<p>ADSL<br \/>\nconnexion internet haut-d\u00e9bit<br \/>\nWiFi<br \/>\npossibilit\u00e9 de pr\u00eat de PC pendant votre s\u00e9jour)<br \/>\nt\u00e9l\u00e9vision par l&rsquo;ADSL<br \/>\nCuisine enti\u00e8rement \u00e9quip\u00e9e<br \/>\n2 chambres<br \/>\nSalle de bain<\/p>\n<p>menhir du Champ-Dolan \u2026 Dol de Bretagne.jpg<br \/>\nPatrimoine historique et culturel<\/p>\n<p>La r\u00e9gion de Combourg est dot\u00e9e d&rsquo;un riche patrimoine culturel et historique, peupl\u00e9e depuis le pal\u00e9olithique, il a fallu attendre le n\u00e9olithique (\u00e2ge de la pierre polie)[7] pour que leur pr\u00e9sence soit prouv\u00e9e par les restes d&rsquo;un monument m\u00e9galithique, l&rsquo;all\u00e9e couverte de Chevrot. Il s&rsquo;agit d&rsquo;une sorte de dolmen.<\/p>\n<p>Dans la For\u00eat du Mesnil, constituant un lieu de randonn\u00e9es de toute beaut\u00e9, la \u00ab Maison des f\u00e9es \u00bb ou \u00ab Maison des Feins \u00bb. Jadis, il \u00e9tait habituel d\u2019associer les f\u00e9es aux m\u00e9galithes ; c&rsquo;est l&rsquo;un des monuments m\u00e9galithiques de Bretagne les mieux conserv\u00e9s, aussi m\u00e9rite-t-elle amplement le d\u00e9tour.<\/p>\n<p>Le Ch\u00e2teau de Combourg et le Lac Tranquille<\/p>\n<p>A partir de l&rsquo;An mil, se met en place un pouvoir f\u00e9odal puissamment structur\u00e9, qui nous l\u00e8guera le Ch\u00e2teau de Combourg, construit entre le XIe si\u00e8cle et le XVe si\u00e8cle sur une butte, au bord du \u00ab\u00a0Lac Tranquille\u00a0\u00bb. Plus tard, l&rsquo;\u00e9crivain Fran\u00e7ois-Ren\u00e9 de Chateaubriand parlera dans ses m\u00e9moires des fant\u00f4mes qui hanteraient le ch\u00e2teau de Combourg[8].<\/p>\n<p>Combourg et ses alentours n&rsquo;ont pas grand chose \u00e0 envier \u00e0 la Cit\u00e9 Corsaire de Saint Malo qui, \u00e0 elle seule, attire pr\u00e8s de 200000 touristes en \u00e9t\u00e9.<\/p>\n<p>Le Mont Saint Michel, aux portes de la Bretagne<br \/>\nLes C\u00f4tes d&rsquo;Armor<br \/>\nun littoral tr\u00e8s attractif &#8230;<\/p>\n<p>La Grande Plage de Saint Malo offre des plages de sable fin, espaces paradisiaques situ\u00e9s au pied des remparts de l&rsquo;intra-muros.<\/p>\n<p>La Plage de la Guimorais, entre Saint Malo et Cancale, s&rsquo;\u00e9tend le long des dunes des Chevrets, tombolo qui relie la Pointe du Meinga \u00e0 l\u2019Ile Besnard \u00e0 l\u2019ouest. Cette fl\u00e8che sableuse fa\u00e7onn\u00e9e par le vent et les courants est la seule du littoral d\u2019Ille-et-Vilaine. La plage est fr\u00e9quent\u00e9e mais ses grands espaces assurent d\u2019une bonne tranquillit\u00e9.<\/p>\n<p>Les C\u00f4tes d&rsquo;Armor : un littoral tr\u00e8s attractif<\/p>\n<p>Id\u00e9alement situ\u00e9e entre les puissantes falaises du Cap Fr\u00e9hel abritant l&rsquo;indomptable Fort Lalatte, et la Cit\u00e9 Corsaire de Saint-Malo, Saint-Cast le Guildo[9] est une \u00e9tape de choix sur le littoral costamoricain. Baignant dans les eaux bleu-vert de la C\u00f4te d&rsquo;Emeraude sur pr\u00e8s de 20 km, bord\u00e9e par un arri\u00e8re-pays verdoyant aux vall\u00e9es bois\u00e9es, la Presqu&rsquo;\u00eele de Saint-Cast le Guildo est un savoureux m\u00e9lange entre immenses plages de sable fin, criques secr\u00e8tes et panoramas \u00e9poustouflants.<\/p>\n","protected":false},"excerpt":{"rendered":"<div class=\"mh-excerpt\"><p>Aux portes de la Bretagne Campagne de Blandefalle, les environs bucoliques de votre g\u00eete Un cadre bucolique Aux porte de la Bretagne, blotti au c\u0153ur <a class=\"mh-excerpt-more\" href=\"https:\/\/gite35.fr\/\" title=\"Acceuil\">[&#8230;]<\/a><\/p>\n<\/div>","protected":false},"author":1,"featured_media":0,"parent":0,"menu_order":0,"comment_status":"closed","ping_status":"closed","template":"","meta":{"footnotes":""},"class_list":["post-2","page","type-page","status-publish","hentry"],"_links":{"self":[{"href":"https:\/\/gite35.fr\/index.php?rest_route=\/wp\/v2\/pages\/2"}],"collection":[{"href":"https:\/\/gite35.fr\/index.php?rest_route=\/wp\/v2\/pages"}],"about":[{"href":"https:\/\/gite35.fr\/index.php?rest_route=\/wp\/v2\/types\/page"}],"author":[{"embeddable":true,"href":"https:\/\/gite35.fr\/index.php?rest_route=\/wp\/v2\/users\/1"}],"replies":[{"embeddable":true,"href":"https:\/\/gite35.fr\/index.php?rest_route=%2Fwp%2Fv2%2Fcomments&post=2"}],"version-history":[{"count":1,"href":"https:\/\/gite35.fr\/index.php?rest_route=\/wp\/v2\/pages\/2\/revisions"}],"predecessor-version":[{"id":8,"href":"https:\/\/gite35.fr\/index.php?rest_route=\/wp\/v2\/pages\/2\/revisions\/8"}],"wp:attachment":[{"href":"https:\/\/gite35.fr\/index.php?rest_route=%2Fwp%2Fv2%2Fmedia&parent=2"}],"curies":[{"name":"wp","href":"https:\/\/api.w.org\/{rel}","templated":true}]}}